{"id":233,"date":"2024-03-06T23:45:04","date_gmt":"2024-03-06T22:45:04","guid":{"rendered":"https:\/\/priceless-proskuriakova.5-196-77-226.plesk.page\/?page_id=233"},"modified":"2024-03-12T08:56:35","modified_gmt":"2024-03-12T07:56:35","slug":"partnerzy","status":"publish","type":"page","link":"https:\/\/priceless-proskuriakova.5-196-77-226.plesk.page\/index.php\/partnerzy\/","title":{"rendered":"Partnerzy"},"content":{"rendered":"\t\t<div data-elementor-type=\"wp-page\" data-elementor-id=\"233\" class=\"elementor elementor-233\">\n\t\t\t\t\t\t<section class=\"elementor-section elementor-top-section elementor-element elementor-element-01fc9c7 elementor-section-boxed elementor-section-height-default elementor-section-height-default\" data-id=\"01fc9c7\" data-element_type=\"section\">\n\t\t\t\t\t\t<div class=\"elementor-container elementor-column-gap-default\">\n\t\t\t\t\t<div class=\"elementor-column elementor-col-100 elementor-top-column elementor-element elementor-element-b73eb40\" data-id=\"b73eb40\" data-element_type=\"column\">\n\t\t\t<div class=\"elementor-widget-wrap elementor-element-populated\">\n\t\t\t\t\t\t<div class=\"elementor-element elementor-element-df12b87 elementor-widget elementor-widget-heading\" data-id=\"df12b87\" data-element_type=\"widget\" data-widget_type=\"heading.default\">\n\t\t\t\t<div class=\"elementor-widget-container\">\n\t\t\t<style>\/*! elementor - v3.20.0 - 13-03-2024 *\/\n.elementor-heading-title{padding:0;margin:0;line-height:1}.elementor-widget-heading .elementor-heading-title[class*=elementor-size-]>a{color:inherit;font-size:inherit;line-height:inherit}.elementor-widget-heading .elementor-heading-title.elementor-size-small{font-size:15px}.elementor-widget-heading .elementor-heading-title.elementor-size-medium{font-size:19px}.elementor-widget-heading .elementor-heading-title.elementor-size-large{font-size:29px}.elementor-widget-heading .elementor-heading-title.elementor-size-xl{font-size:39px}.elementor-widget-heading .elementor-heading-title.elementor-size-xxl{font-size:59px}<\/style><h2 class=\"elementor-heading-title elementor-size-default\">Partnerzy<\/h2>\t\t<\/div>\n\t\t\t\t<\/div>\n\t\t\t\t\t<\/div>\n\t\t<\/div>\n\t\t\t\t\t<\/div>\n\t\t<\/section>\n\t\t\t\t<section class=\"elementor-section elementor-top-section elementor-element elementor-element-7944ec5 elementor-section-boxed elementor-section-height-default elementor-section-height-default\" data-id=\"7944ec5\" data-element_type=\"section\">\n\t\t\t\t\t\t<div class=\"elementor-container elementor-column-gap-default\">\n\t\t\t\t\t<div class=\"elementor-column elementor-col-100 elementor-top-column elementor-element elementor-element-5a8c1bb\" data-id=\"5a8c1bb\" data-element_type=\"column\">\n\t\t\t<div class=\"elementor-widget-wrap elementor-element-populated\">\n\t\t\t\t\t\t<div class=\"elementor-element elementor-element-b93512c elementor-widget elementor-widget-image\" data-id=\"b93512c\" data-element_type=\"widget\" data-widget_type=\"image.default\">\n\t\t\t\t<div class=\"elementor-widget-container\">\n\t\t\t<style>\/*! elementor - v3.20.0 - 13-03-2024 *\/\n.elementor-widget-image{text-align:center}.elementor-widget-image a{display:inline-block}.elementor-widget-image a img[src$=\".svg\"]{width:48px}.elementor-widget-image img{vertical-align:middle;display:inline-block}<\/style>\t\t\t\t\t\t\t\t\t\t<img decoding=\"async\" src=\"https:\/\/priceless-proskuriakova.5-196-77-226.plesk.page\/wp-content\/uploads\/elementor\/thumbs\/philips-logo-511-qku0tb2n363xi8l1nxwsgpqqgc85ol7u5ut6lqbq82.jpg\" title=\"philips-logo-511\" alt=\"philips-logo-511\" loading=\"lazy\" \/>\t\t\t\t\t\t\t\t\t\t\t\t\t<\/div>\n\t\t\t\t<\/div>\n\t\t\t\t\t<\/div>\n\t\t<\/div>\n\t\t\t\t\t<\/div>\n\t\t<\/section>\n\t\t\t\t<section class=\"elementor-section elementor-top-section elementor-element elementor-element-adae76f elementor-section-boxed elementor-section-height-default elementor-section-height-default\" data-id=\"adae76f\" data-element_type=\"section\">\n\t\t\t\t\t\t<div class=\"elementor-container elementor-column-gap-default\">\n\t\t\t\t\t<div class=\"elementor-column elementor-col-100 elementor-top-column elementor-element elementor-element-0412e62\" data-id=\"0412e62\" data-element_type=\"column\">\n\t\t\t<div class=\"elementor-widget-wrap elementor-element-populated\">\n\t\t\t\t\t\t<div class=\"elementor-element elementor-element-23a669f elementor-widget elementor-widget-text-editor\" data-id=\"23a669f\" data-element_type=\"widget\" data-widget_type=\"text-editor.default\">\n\t\t\t\t<div class=\"elementor-widget-container\">\n\t\t\t<style>\/*! elementor - v3.20.0 - 13-03-2024 *\/\n.elementor-widget-text-editor.elementor-drop-cap-view-stacked .elementor-drop-cap{background-color:#69727d;color:#fff}.elementor-widget-text-editor.elementor-drop-cap-view-framed .elementor-drop-cap{color:#69727d;border:3px solid;background-color:transparent}.elementor-widget-text-editor:not(.elementor-drop-cap-view-default) .elementor-drop-cap{margin-top:8px}.elementor-widget-text-editor:not(.elementor-drop-cap-view-default) .elementor-drop-cap-letter{width:1em;height:1em}.elementor-widget-text-editor .elementor-drop-cap{float:left;text-align:center;line-height:1;font-size:50px}.elementor-widget-text-editor .elementor-drop-cap-letter{display:inline-block}<\/style>\t\t\t\t<p><strong>Philips Polska Sp. z o. o.<\/strong><\/p>\t\t\t\t\t\t<\/div>\n\t\t\t\t<\/div>\n\t\t\t\t<div class=\"elementor-element elementor-element-3ce1cd2 elementor-widget elementor-widget-text-editor\" data-id=\"3ce1cd2\" data-element_type=\"widget\" data-widget_type=\"text-editor.default\">\n\t\t\t\t<div class=\"elementor-widget-container\">\n\t\t\t\t\t\t\t<p>Od roku 2015 jeste\u015bmy autoryzowanym partnerem Philips Polska w zakresie prowadzenia wdro\u017ce\u0144 (wsparcie przedsprzeda\u017cowe oraz instalacja), utrzymania (dzia\u0142ania proaktywne oraz naprawcze) medycznych system\u00f3w informatycznych. Dzia\u0142ania w tym zakresie prowadzimy zar\u00f3wno na terenie Polski jak i innych pa\u0144stw regionu CEE (Central Eastern Europe). W zakresie \u015bwiadczonych us\u0142ug znalaz\u0142o si\u0119 tak\u017ce rozwi\u0105zanie SPOC (Single Point of Contact), czyli dedykowany punkt kontaktu dla u\u017cytkownik\u00f3w rozwi\u0105za\u0144 Philips, gdzie pod jednym numerem telefonu, nasi in\u017cynierowie \u015bwiadcz\u0105 wsparcie techniczne na wypadek wyst\u0105pienia problem\u00f3w czy usterek. Tak\u017ce w trybie 24\/7.<\/p>\t\t\t\t\t\t<\/div>\n\t\t\t\t<\/div>\n\t\t\t\t\t<\/div>\n\t\t<\/div>\n\t\t\t\t\t<\/div>\n\t\t<\/section>\n\t\t\t\t<section class=\"elementor-section elementor-top-section elementor-element elementor-element-ae75c80 elementor-section-boxed elementor-section-height-default elementor-section-height-default\" data-id=\"ae75c80\" data-element_type=\"section\">\n\t\t\t\t\t\t<div class=\"elementor-container elementor-column-gap-default\">\n\t\t\t\t\t<div class=\"elementor-column elementor-col-100 elementor-top-column elementor-element elementor-element-9d2dc81\" data-id=\"9d2dc81\" data-element_type=\"column\">\n\t\t\t<div class=\"elementor-widget-wrap\">\n\t\t\t\t\t\t\t<\/div>\n\t\t<\/div>\n\t\t\t\t\t<\/div>\n\t\t<\/section>\n\t\t\t\t<\/div>\n\t\t","protected":false},"excerpt":{"rendered":"<p>Partnerzy Philips Polska Sp. z o. o. Od roku 2015 jeste\u015bmy autoryzowanym partnerem Philips Polska w zakresie prowadzenia wdro\u017ce\u0144 (wsparcie przedsprzeda\u017cowe oraz instalacja), utrzymania (dzia\u0142ania proaktywne oraz naprawcze) medycznych system\u00f3w informatycznych. Dzia\u0142ania w tym zakresie prowadzimy zar\u00f3wno na terenie Polski jak i innych pa\u0144stw regionu CEE (Central Eastern Europe). W zakresie \u015bwiadczonych us\u0142ug znalaz\u0142o si\u0119 [&hellip;]<\/p>\n","protected":false},"author":2,"featured_media":0,"parent":0,"menu_order":0,"comment_status":"closed","ping_status":"closed","template":"","meta":{"_acf_changed":false,"footnotes":""},"class_list":["post-233","page","type-page","status-publish","hentry"],"acf":[],"_links":{"self":[{"href":"https:\/\/priceless-proskuriakova.5-196-77-226.plesk.page\/index.php\/wp-json\/wp\/v2\/pages\/233","targetHints":{"allow":["GET"]}}],"collection":[{"href":"https:\/\/priceless-proskuriakova.5-196-77-226.plesk.page\/index.php\/wp-json\/wp\/v2\/pages"}],"about":[{"href":"https:\/\/priceless-proskuriakova.5-196-77-226.plesk.page\/index.php\/wp-json\/wp\/v2\/types\/page"}],"author":[{"embeddable":true,"href":"https:\/\/priceless-proskuriakova.5-196-77-226.plesk.page\/index.php\/wp-json\/wp\/v2\/users\/2"}],"replies":[{"embeddable":true,"href":"https:\/\/priceless-proskuriakova.5-196-77-226.plesk.page\/index.php\/wp-json\/wp\/v2\/comments?post=233"}],"version-history":[{"count":38,"href":"https:\/\/priceless-proskuriakova.5-196-77-226.plesk.page\/index.php\/wp-json\/wp\/v2\/pages\/233\/revisions"}],"predecessor-version":[{"id":620,"href":"https:\/\/priceless-proskuriakova.5-196-77-226.plesk.page\/index.php\/wp-json\/wp\/v2\/pages\/233\/revisions\/620"}],"wp:attachment":[{"href":"https:\/\/priceless-proskuriakova.5-196-77-226.plesk.page\/index.php\/wp-json\/wp\/v2\/media?parent=233"}],"curies":[{"name":"wp","href":"https:\/\/api.w.org\/{rel}","templated":true}]}}